{"id":21,"date":"2020-03-29T08:09:58","date_gmt":"2020-03-29T08:09:58","guid":{"rendered":"http:\/\/ue-brandschutzberatungen.de\/?page_id=21"},"modified":"2021-01-31T08:33:22","modified_gmt":"2021-01-31T08:33:22","slug":"ueber-mich","status":"publish","type":"page","link":"http:\/\/ue-brandschutzberatungen.de\/","title":{"rendered":"\u00dcber Mich"},"content":{"rendered":"\n<figure class=\"wp-block-image size-medium\"><a href=\"https:\/\/www.xing.com\/profile\/Ulrich_Eiglmeier\/cv\"><img loading=\"lazy\" decoding=\"async\" width=\"200\" height=\"300\" src=\"http:\/\/ue-brandschutzberatungen.de\/wp-content\/uploads\/2020\/03\/ulrich-200x300.jpg\" alt=\"\" class=\"wp-image-13\"\/><\/a><figcaption>Anklicken und mehr auf XING erfahren<\/figcaption><\/figure>\n\n\n\n<h2 class=\"wp-block-heading\">Herzlich willkommen auf <\/h2>\n\n\n\n<h2 class=\"wp-block-heading\">UE-BRANDSCHUTZBERATUNGEN<\/h2>\n\n\n\n<p><br>Ich biete Ihnen <br>&#8211; in 30 Jahren als technischer Verkaufsberater im Baustoff Fachhandel <br>   erworbenes<br>&#8211; durch st\u00e4ndige Wissensupdates aktualisiertes<br>&#8211; durch den T\u00dcV Rheinland zertifiziertes<br>Wissen.<\/p>\n\n\n\n<p><br>Dieses stelle ich Ihnen gerne zur Verf\u00fcgung. <br><\/p>\n\n\n\n<p><\/p>\n\n\n\n<p> <\/p>\n","protected":false},"excerpt":{"rendered":"<p>Herzlich willkommen auf UE-BRANDSCHUTZBERATUNGEN Ich biete Ihnen &#8211; in 30 Jahren als technischer Verkaufsberater im Baustoff Fachhandel erworbenes&#8211; durch st\u00e4ndige Wissensupdates aktualisiertes&#8211; durch den T\u00dcV Rheinland zertifiziertesWissen. Dieses stelle ich Ihnen gerne zur Verf\u00fcgung.<\/p>\n","protected":false},"author":1,"featured_media":13,"parent":0,"menu_order":0,"comment_status":"closed","ping_status":"closed","template":"","meta":{"footnotes":""},"_links":{"self":[{"href":"http:\/\/ue-brandschutzberatungen.de\/index.php?rest_route=\/wp\/v2\/pages\/21"}],"collection":[{"href":"http:\/\/ue-brandschutzberatungen.de\/index.php?rest_route=\/wp\/v2\/pages"}],"about":[{"href":"http:\/\/ue-brandschutzberatungen.de\/index.php?rest_route=\/wp\/v2\/types\/page"}],"author":[{"embeddable":true,"href":"http:\/\/ue-brandschutzberatungen.de\/index.php?rest_route=\/wp\/v2\/users\/1"}],"replies":[{"embeddable":true,"href":"http:\/\/ue-brandschutzberatungen.de\/index.php?rest_route=%2Fwp%2Fv2%2Fcomments&post=21"}],"version-history":[{"count":11,"href":"http:\/\/ue-brandschutzberatungen.de\/index.php?rest_route=\/wp\/v2\/pages\/21\/revisions"}],"predecessor-version":[{"id":148,"href":"http:\/\/ue-brandschutzberatungen.de\/index.php?rest_route=\/wp\/v2\/pages\/21\/revisions\/148"}],"wp:featuredmedia":[{"embeddable":true,"href":"http:\/\/ue-brandschutzberatungen.de\/index.php?rest_route=\/wp\/v2\/media\/13"}],"wp:attachment":[{"href":"http:\/\/ue-brandschutzberatungen.de\/index.php?rest_route=%2Fwp%2Fv2%2Fmedia&parent=21"}],"curies":[{"name":"wp","href":"https:\/\/api.w.org\/{rel}","templated":true}]}}