{"id":126,"date":"2020-03-29T12:54:48","date_gmt":"2020-03-29T12:54:48","guid":{"rendered":"http:\/\/ue-brandschutzberatungen.de\/?page_id=126"},"modified":"2020-03-29T17:59:37","modified_gmt":"2020-03-29T17:59:37","slug":"beratung-vor-ort","status":"publish","type":"page","link":"http:\/\/ue-brandschutzberatungen.de\/?page_id=126","title":{"rendered":"Beratung vor Ort"},"content":{"rendered":"\n<p>Sie sind<\/p>\n\n\n\n<ul><li>Geb\u00e4udebetreiber?<\/li><li>Hausverwaltung?<\/li><li>Brandschutzbeauftragter?<\/li><li>Architekt?<\/li><li>Verarbeiter?<\/li><\/ul>\n\n\n\n<ul><li>und haben eine Brandschutzkonstruktion zu realisieren?<\/li><li>und suchen eine herstellerneutrale Beratung?<\/li><li>und sind sich nicht sicher,<br>ob die Arbeiten richig ausgef\u00fchrt wurden?<br>ob die geplante Konstruktion zulassungsform realisiert werden kann?<br>wie die geforderten Anforderungen an das Bauteil realisiert werden kann?<br>welche \u00c4nderungen an dem von Ihnen gew\u00e4hlten System genehmigungsfrei, welche \u00c4nderungen von der Bauaufsicht genehmigt werden m\u00fcssen?<\/li><\/ul>\n\n\n\n<p><\/p>\n","protected":false},"excerpt":{"rendered":"<p>Sie sind Geb\u00e4udebetreiber? Hausverwaltung? Brandschutzbeauftragter? Architekt? Verarbeiter? und haben eine Brandschutzkonstruktion zu realisieren? und suchen eine herstellerneutrale Beratung? und sind sich nicht sicher,ob die Arbeiten richig ausgef\u00fchrt wurden?ob die geplante Konstruktion zulassungsform realisiert werden kann?wie die geforderten Anforderungen an das Bauteil realisiert werden kann?welche \u00c4nderungen an dem von Ihnen gew\u00e4hlten System genehmigungsfrei, welche \u00c4nderungen von &hellip; <\/p>\n<p class=\"link-more\"><a href=\"http:\/\/ue-brandschutzberatungen.de\/?page_id=126\" class=\"more-link\"><span class=\"screen-reader-text\">\u201eBeratung vor Ort\u201c<\/span> weiterlesen<\/a><\/p>\n","protected":false},"author":1,"featured_media":129,"parent":0,"menu_order":0,"comment_status":"closed","ping_status":"closed","template":"","meta":{"footnotes":""},"_links":{"self":[{"href":"http:\/\/ue-brandschutzberatungen.de\/index.php?rest_route=\/wp\/v2\/pages\/126"}],"collection":[{"href":"http:\/\/ue-brandschutzberatungen.de\/index.php?rest_route=\/wp\/v2\/pages"}],"about":[{"href":"http:\/\/ue-brandschutzberatungen.de\/index.php?rest_route=\/wp\/v2\/types\/page"}],"author":[{"embeddable":true,"href":"http:\/\/ue-brandschutzberatungen.de\/index.php?rest_route=\/wp\/v2\/users\/1"}],"replies":[{"embeddable":true,"href":"http:\/\/ue-brandschutzberatungen.de\/index.php?rest_route=%2Fwp%2Fv2%2Fcomments&post=126"}],"version-history":[{"count":2,"href":"http:\/\/ue-brandschutzberatungen.de\/index.php?rest_route=\/wp\/v2\/pages\/126\/revisions"}],"predecessor-version":[{"id":137,"href":"http:\/\/ue-brandschutzberatungen.de\/index.php?rest_route=\/wp\/v2\/pages\/126\/revisions\/137"}],"wp:featuredmedia":[{"embeddable":true,"href":"http:\/\/ue-brandschutzberatungen.de\/index.php?rest_route=\/wp\/v2\/media\/129"}],"wp:attachment":[{"href":"http:\/\/ue-brandschutzberatungen.de\/index.php?rest_route=%2Fwp%2Fv2%2Fmedia&parent=126"}],"curies":[{"name":"wp","href":"https:\/\/api.w.org\/{rel}","templated":true}]}}